{"id":99,"date":"2013-05-21T07:27:54","date_gmt":"2013-05-21T07:27:54","guid":{"rendered":"http:\/\/stefula.cz\/www\/videst\/?page_id=99"},"modified":"2013-06-04T13:31:44","modified_gmt":"2013-06-04T13:31:44","slug":"vyrobni-program","status":"publish","type":"page","link":"https:\/\/videst.cz\/?page_id=99","title":{"rendered":"V\u00fdrobn\u00ed program"},"content":{"rendered":"<div class=\"main gummy\">\n<div class=\"ordinary\">\n<div style=\"text-align: left;\">\n<table style=\"width: 960px;\">\n<tbody>\n<tr>\n<td class=\"program\"><img class=\"ico\" alt=\"\" src=\"http:\/\/videst.cz\/wp-content\/uploads\/ico_01.jpg\" align=\"left\" \/><br \/>\n<img alt=\"\" src=\"http:\/\/videst.cz\/wp-content\/uploads\/videst_ico11.png\" \/>\u00a0Kanaliza\u010dn\u00ed \u0159\u00e1dy a<br \/>\np\u0159\u00edpojky<\/td>\n<td class=\"program\"><img class=\"ico\" alt=\"\" src=\"http:\/\/videst.cz\/wp-content\/uploads\/ico_04.jpg\" align=\"left\" \/><br \/>\n<img alt=\"\" src=\"http:\/\/videst.cz\/wp-content\/uploads\/videst_ico11.png\" \/>\u00a0Komunikace<\/td>\n<td class=\"pul\"><img class=\"ico\" alt=\"\" src=\"http:\/\/videst.cz\/wp-content\/uploads\/ico_25.jpg\" align=\"left\" \/><br \/>\n<img alt=\"\" src=\"http:\/\/videst.cz\/wp-content\/uploads\/videst_ico11.png\" \/>\u00a0Zemn\u00ed pr\u00e1ce<br \/>\nVlastn\u00ed mechanizace<\/td>\n<\/tr>\n<tr>\n<td class=\"pul\"><img class=\"ico\" alt=\"\" src=\"http:\/\/videst.cz\/wp-content\/uploads\/ico_03.jpg\" align=\"left\" \/><br \/>\n<img alt=\"\" src=\"http:\/\/videst.cz\/wp-content\/uploads\/videst_ico11.png\" \/>\u00a0Vodovodn\u00ed \u0159\u00e1dy a<br \/>\np\u0159\u00edpojky<\/td>\n<td class=\"pul\"><img class=\"ico\" alt=\"\" src=\"http:\/\/videst.cz\/wp-content\/uploads\/ico_05.jpg\" align=\"left\" \/><br \/>\n<img alt=\"\" src=\"http:\/\/videst.cz\/wp-content\/uploads\/videst_ico11.png\" \/>\u00a0\u00dapravy vodn\u00edch tok\u016f<\/td>\n<td class=\"pul\"><img class=\"ico\" alt=\"\" src=\"http:\/\/videst.cz\/wp-content\/uploads\/ico_12.jpg\" align=\"left\" \/><br \/>\n<img alt=\"\" src=\"http:\/\/videst.cz\/wp-content\/uploads\/videst_ico11.png\" \/>\u00a0Obloukov\u00e9 konstrukce<br \/>\nmost\u016f a\u00a0p\u0159echod\u016f<br \/>\n&#8211;\u00a0vlastn\u00ed pr\u016fmyslov\u00fd vzor<\/td>\n<\/tr>\n<tr>\n<td class=\"pul\"><img class=\"ico\" alt=\"\" src=\"http:\/\/videst.cz\/wp-content\/uploads\/ico_09.jpg\" align=\"left\" \/><br \/>\n<img alt=\"\" src=\"http:\/\/videst.cz\/wp-content\/uploads\/videst_ico11.png\" \/>\u00a0Opravy most\u016f a<br \/>\npropustk\u016f<\/td>\n<td class=\"pul\"><img class=\"ico\" alt=\"\" src=\"http:\/\/videst.cz\/wp-content\/uploads\/ico_18.jpg\" align=\"left\" \/><br \/>\n<img alt=\"\" src=\"http:\/\/videst.cz\/wp-content\/uploads\/videst_ico11.png\" \/>\u00a0Rybn\u00edky a n\u00e1dr\u017ee<\/td>\n<td class=\"pul\"><img class=\"ico\" alt=\"\" src=\"http:\/\/videst.cz\/wp-content\/uploads\/ico_13.jpg\" align=\"left\" \/><br \/>\n<img alt=\"\" src=\"http:\/\/videst.cz\/wp-content\/uploads\/videst_ico11.png\" \/>\u00a0Likvidace ekologick\u00fdch<br \/>\nz\u00e1\u0165e\u017e\u00ed<\/td>\n<\/tr>\n<tr>\n<td class=\"pul\"><img class=\"ico\" alt=\"\" src=\"http:\/\/videst.cz\/wp-content\/uploads\/ico_17.jpg\" align=\"left\" \/><br \/>\n<img alt=\"\" src=\"http:\/\/videst.cz\/wp-content\/uploads\/videst_ico11.png\" \/>\u00a0Sportovn\u00ed stavby<\/td>\n<td class=\"pul\"><img class=\"ico\" alt=\"\" src=\"http:\/\/videst.cz\/wp-content\/uploads\/ico_20.jpg\" align=\"left\" \/><br \/>\n<img alt=\"\" src=\"http:\/\/videst.cz\/wp-content\/uploads\/videst_ico11.png\" \/>\u00a0Op\u011brn\u00e9 zdi a\u00a0valy<\/td>\n<td class=\"pul\"><img class=\"ico\" alt=\"\" src=\"http:\/\/videst.cz\/wp-content\/uploads\/ico_22.jpg\" align=\"left\" \/><br \/>\n<img alt=\"\" src=\"http:\/\/videst.cz\/wp-content\/uploads\/videst_ico11.png\" \/>\u00a0Rekonstrukce pam\u00e1tek<\/td>\n<\/tr>\n<tr>\n<td class=\"pul\"><img class=\"ico\" alt=\"\" src=\"http:\/\/videst.cz\/wp-content\/uploads\/ico_14.jpg\" align=\"left\" \/><br \/>\n<img alt=\"\" src=\"http:\/\/videst.cz\/wp-content\/uploads\/videst_ico11.png\" \/>\u00a0Demolice a\u00a0bour\u00e1n\u00ed<\/td>\n<td class=\"pul\"><img class=\"ico\" alt=\"\" src=\"http:\/\/videst.cz\/wp-content\/uploads\/ico_10.jpg\" align=\"left\" \/><br \/>\n<img alt=\"\" src=\"http:\/\/videst.cz\/wp-content\/uploads\/videst_ico11.png\" \/>\u00a0Sanace betonov\u00fdch<br \/>\nkonstrukc\u00ed<\/td>\n<td class=\"pul\"><img class=\"ico\" alt=\"\" src=\"http:\/\/videst.cz\/wp-content\/uploads\/ico_23.jpg\" align=\"left\" \/><br \/>\n<img alt=\"\" src=\"http:\/\/videst.cz\/wp-content\/uploads\/videst_ico11.png\" \/>\u00a0Revitalizace \u00fazem\u00ed<\/td>\n<\/tr>\n<\/tbody>\n<\/table>\n<p>&nbsp;<\/p>\n<\/div>\n<\/div>\n<\/div>\n","protected":false},"excerpt":{"rendered":"<p>\u00a0Kanaliza\u010dn\u00ed \u0159\u00e1dy a p\u0159\u00edpojky \u00a0Komunikace \u00a0Zemn\u00ed pr\u00e1ce Vlastn\u00ed mechanizace \u00a0Vodovodn\u00ed \u0159\u00e1dy a p\u0159\u00edpojky \u00a0\u00dapravy vodn\u00edch tok\u016f \u00a0Obloukov\u00e9 konstrukce most\u016f a\u00a0p\u0159echod\u016f &#8211;\u00a0vlastn\u00ed pr\u016fmyslov\u00fd vzor \u00a0Opravy most\u016f a propustk\u016f \u00a0Rybn\u00edky a n\u00e1dr\u017ee \u00a0Likvidace ekologick\u00fdch z\u00e1\u0165e\u017e\u00ed \u00a0Sportovn\u00ed stavby \u00a0Op\u011brn\u00e9 zdi a\u00a0valy \u00a0Rekonstrukce pam\u00e1tek \u00a0Demolice a\u00a0bour\u00e1n\u00ed \u00a0Sanace betonov\u00fdch konstrukc\u00ed \u00a0Revitalizace \u00fazem\u00ed &nbsp;<\/p>\n","protected":false},"author":3,"featured_media":0,"parent":0,"menu_order":4,"comment_status":"closed","ping_status":"open","template":"","meta":[],"_links":{"self":[{"href":"https:\/\/videst.cz\/index.php?rest_route=\/wp\/v2\/pages\/99"}],"collection":[{"href":"https:\/\/videst.cz\/index.php?rest_route=\/wp\/v2\/pages"}],"about":[{"href":"https:\/\/videst.cz\/index.php?rest_route=\/wp\/v2\/types\/page"}],"author":[{"embeddable":true,"href":"https:\/\/videst.cz\/index.php?rest_route=\/wp\/v2\/users\/3"}],"replies":[{"embeddable":true,"href":"https:\/\/videst.cz\/index.php?rest_route=%2Fwp%2Fv2%2Fcomments&post=99"}],"version-history":[{"count":14,"href":"https:\/\/videst.cz\/index.php?rest_route=\/wp\/v2\/pages\/99\/revisions"}],"predecessor-version":[{"id":237,"href":"https:\/\/videst.cz\/index.php?rest_route=\/wp\/v2\/pages\/99\/revisions\/237"}],"wp:attachment":[{"href":"https:\/\/videst.cz\/index.php?rest_route=%2Fwp%2Fv2%2Fmedia&parent=99"}],"curies":[{"name":"wp","href":"https:\/\/api.w.org\/{rel}","templated":true}]}}