{"id":89,"date":"2013-05-20T12:33:51","date_gmt":"2013-05-20T12:33:51","guid":{"rendered":"http:\/\/stefula.cz\/www\/videst\/?page_id=89"},"modified":"2021-09-15T06:14:19","modified_gmt":"2021-09-15T05:14:19","slug":"udaje-o-firme","status":"publish","type":"page","link":"https:\/\/videst.cz\/?page_id=89","title":{"rendered":"\u00dadaje o firm\u011b"},"content":{"rendered":"<div>\n<div style=\"width: 100%;\">\n<h3 style=\"text-align: center;\">Technick\u00e9 zam\u011b\u0159en\u00ed firmy<\/h3>\n<p>Obchodn\u00ed spole\u010dnost VIDEST je n\u00e1stupcem fyzick\u00e9 osoby podnikaj\u00edc\u00ed, kter\u00e1 vznikla v\u00a0roce 1991 odlou\u010den\u00edm stavebn\u011b mont\u00e1\u017en\u00edho st\u0159ediska od s.p. Povod\u00ed Oh\u0159e, se v\u00a0prvn\u00edch letech p\u016fsoben\u00ed r. 1991-1994 zab\u00fdval pouze \u00fapravami vodn\u00edch tok\u016f a objekty na nich. Postupn\u011b od roku 1994 za\u010dala sv\u00e9 technick\u00e9 vybaven\u00ed a \u010dinnost roz\u0161i\u0159ovat o ekologick\u00e9 stavby a in\u017een\u00fdrsk\u00e9 s\u00edt\u011b \u2013 zabezpe\u010den\u00ed skl\u00e1dek, v\u00fdstavbu vodovodn\u00edch a kanaliza\u010dn\u00edch \u0159ad\u016f a tak\u00e9 v\u00fdstavbu a opravu komunikac\u00ed. Od roku 2001 sv\u00e9 aktivity roz\u0161\u00ed\u0159ila o v\u00fdstavbu obloukov\u00fdch konstrukc\u00ed most\u016f s\u00a0vyu\u017eit\u00edm prefabrik\u00e1t\u016f tvaru \u201ep\u00ed\u201c , kter\u00e9 jsou chr\u00e1n\u011bny pr\u016fmyslov\u00fdm vzorem. Roz\u0161\u00ed\u0159en\u00ed kapacity umo\u017e\u0148uje firm\u011b prov\u00e1d\u011bt i pr\u00e1ce na pr\u016fmyslov\u00e9 a ob\u010dansk\u00e9 v\u00fdstavb\u011b. Skladba stavebn\u00edch v\u00fdkon\u016f dle d\u00edl\u010d\u00edch segment\u016f a oblast\u00ed v\u00fdroby jest cca:<\/p>\n<p>\u00a0<\/p>\n<table class=\"schema\" style=\"border: none; width: 100%;\">\n<tbody class=\"schema\">\n<tr>\n<td class=\"leva\">in\u017een\u00fdrsk\u00e9 stavby a infrastruktura<\/td>\n<td class=\"prava\">50%<\/td>\n<\/tr>\n<tr>\n<td class=\"mezi\">\u00a0<\/td>\n<\/tr>\n<tr>\n<td class=\"leva\">dopravn\u00ed stavby a opravy most\u016f a propust\u00ed<\/td>\n<td class=\"prava\">20%<\/td>\n<\/tr>\n<tr>\n<td class=\"mezi\">\u00a0<\/td>\n<\/tr>\n<tr>\n<td class=\"leva\">pr\u016fmyslov\u00e1 v\u00fdstavba a \u00fapravy vodn\u00edch tok\u016f<\/td>\n<td class=\"prava\">25%<\/td>\n<\/tr>\n<tr>\n<td class=\"mezi\">\u00a0<\/td>\n<\/tr>\n<tr>\n<td class=\"leva\">ostatn\u00ed stavby a v\u00fdkony<\/td>\n<td class=\"prava\">5%<\/td>\n<\/tr>\n<\/tbody>\n<\/table>\n<\/div>\n<h3 style=\"text-align: center;\">Materi\u00e1ln\u011b technick\u00e9 vybaven\u00ed<\/h3>\n<p>Firma k realizaci staveb vyu\u017e\u00edv\u00e1 p\u0159ev\u00e1\u017en\u011b vlastn\u00edch mechaniza\u010dn\u00edch a dopravn\u00edch prost\u0159edk\u016f v\u010detn\u011b t\u011b\u017ek\u00e9 stavebn\u00ed mechanizace a drobn\u00e9 stavebn\u00ed mechanizace &#8211; protla\u010dovac\u00ed za\u0159\u00edzen\u00ed, hutn\u00edc\u00ed desky, v\u00e1lce, centr\u00e1ly a ostatn\u00ed v\u010detn\u011b dopl\u0148kov\u00e9ho vybaven\u00ed pro realizaci jednotliv\u00fdch druh\u016f \u010dinnost\u00ed.<\/p>\n<\/div>\n<div align=\"center\">\n<h3 style=\"text-align: center;\">Organizace spole\u010dnosti<\/h3>\n<table style=\"height: 1089px;\" width=\"823\" cellspacing=\"0\" cellpadding=\"0\">\n<tbody>\n<tr>\n<td class=\"organization_heading\" style=\"margin-right: 4px;\">\n<p><b>Marek \u010cerm\u00e1k<\/b><br \/><i>jednatel<\/i><br \/><a href=\"mailto: cermak@videst.cz\">cermak(@)videst.cz<\/a><br \/>Tel: 731 441 888<br \/>smluvn\u00ed vztahy, OH,<br \/>v\u00fdb\u011brov\u00e1 \u0159\u00edzen\u00ed<\/p>\n<\/td>\n<td>\u00a0<\/td>\n<td class=\"organization_heading\" colspan=\"3\"><b>Ing. Miroslav \u010cerm\u00e1k<\/b><br \/><i>\u0159editel<\/i><br \/><a href=\"mailto:reditel@videst.cz\">reditel(@)videst.cz<\/a><br \/>Tel. a fax: 353 225 549<br \/>finan\u010dn\u00ed a technick\u00fd \u0159editel<\/td>\n<td>\u00a0<\/td>\n<td class=\"organization_heading\"><b>Karel Bozd\u011bch<\/b><br \/><i>jednatel<\/i><br \/><a href=\"mailto:bozdech@videst.cz\">bozdech(@)videst.cz<br \/><\/a>Tel: 603 158 887<br \/>v\u00fdrobn\u00ed \u0159editel &#8211; hlavn\u00ed stavbyvedouc\u00ed<\/td>\n<\/tr>\n<tr>\n<td class=\"kind\">P\u0159\u00edprava a \u0159\u00edzen\u00ed<\/td>\n<td colspan=\"5\"><img src=\"http:\/\/videst.cz\/wp-content\/uploads\/arrows.png\" alt=\"&lt;---------v----------------v----------&gt;\" \/><\/td>\n<td class=\"kind\">V\u00fdroba<\/td>\n<\/tr>\n<tr>\n<td class=\"lower\" valign=\"top\"><b>Michal \u0160toura\u010d<\/b><br \/><i>vedouc\u00ed p\u0159\u00edpravy staveb<\/i><br \/><a href=\"mailto:stourac@videst.cz\">stourac(@)videst.cz<\/a><br \/>tel.: 605 215 202<br \/>p\u0159\u00edprava v\u00fdroby, z\u00e1sobov\u00e1n\u00ed,<br \/>popt\u00e1vky, IT, web\n<p>\u00a0<\/p>\n<p>\u00a0<\/p>\n<p><b>Jan Dvo\u0159\u00e1k<\/b><br \/><i>p\u0159\u00edprava v\u00fdroby<\/i><br \/><a href=\"mailto:priprava@videst.cz\">priprava(@)videst.cz<\/a><br \/>tel.: 797 653 358\u00a0<\/p>\n<\/td>\n<td>\u00a0<\/td>\n<td class=\"lower\" valign=\"top\"><b>Eva Pelik\u00e1nov\u00e1<\/b><br \/><i>\u00fa\u010detn\u00ed odd\u011blen\u00ed<\/i><br \/><a href=\"mailto:pelikanova@videst.cz\">pelikanova(@)videst.cz<\/a><br \/>tel.: 353 225 549<br \/>\u00fa\u010detn\u00ed odd\u011blen\u00ed, fakturace,<br \/>administrativa<\/td>\n<td>\u00a0<\/td>\n<td class=\"lower\" valign=\"top\">\n<p><b>Petr P\u0159erost<\/b><br \/><i>dispe\u010der<\/i><br \/><a href=\"mailto:prerost@videst.cz\">prerost(@)videst.cz<\/a><br \/>tel.: 731 441 894<br \/>dispe\u010der dopravy a mechanizace<\/p>\n<p><strong>Iveta Bozd\u011bchov\u00e1<\/strong>\u00a0<\/p>\n<p>Technik DaM<\/p>\n<p><a href=\"mailto:bozdechova@videst.cz\">bozdechova(@)videst.cz<\/a><\/p>\n<p>tel.: 732 354 410<\/p>\n<\/td>\n<td>\u00a0<\/td>\n<td class=\"lower\" style=\"text-align: center;\" valign=\"top\">\n<p><b>Ing.Pavel \u0160imek<\/b><br \/><i><\/i>stavbyvedouc\u00ed<br \/><a href=\"http:\/\/simek@videst.cz\">simek(@)videst.cz<\/a><\/p>\n<p>tel.: 731 650 022<\/p>\n<p><b>Pavel Slez\u00e1k<\/b><br \/><i><\/i>stavbyvedouc\u00ed<br \/><a href=\"mailto:slezak@videst.cz\">slezak(@)videst.cz<\/a><br \/>tel.: 737 397 644<\/p>\n<p style=\"text-align: center;\"><b>Vladim\u00edr Havl\u00edk<\/b><br \/><i><\/i>stavbyvedouc\u00ed<br \/><a href=\"mailto:havlik@videst.cz\">havlik(@)videst.cz<\/a><br \/>tel.: 731 188 783<\/p>\n<p style=\"text-align: center;\"><b>Miloslav Machat\u00fd<\/b><br \/><i><\/i>stavbyvedouc\u00ed<br \/><a href=\"mailto:machaty@videst.cz\">machaty(@)videst.cz<\/a><br \/>tel.: 603 158 481<\/p>\n<p style=\"text-align: center;\"><b>Michal \u0158eh\u00e1k<\/b><br \/><i><\/i>technik<br \/><a href=\"http:\/\/rehak@videst.cz\">rehak(@)videst.cz<\/a><br \/>tel.: 733 641 622<\/p>\n<\/td>\n<\/tr>\n<tr>\n<td class=\"white_schema\" valign=\"top\">\n<div class=\"white_schema_div\">\n<ul class=\"compact\" type=\"square\">\n<li>smluvn\u00ed vztahy<\/li>\n<li>nab\u00eddky<\/li>\n<li>popt\u00e1vky<\/li>\n<li>v\u00fdb\u011brov\u00e1 \u0159\u00edzen\u00ed<\/li>\n<li>ISO 9001<\/li>\n<li>BOZP<\/li>\n<li>marketing<\/li>\n<li>personalistika<\/li>\n<li>IT a web<\/li>\n<li>n\u00e1vrhy a projekty<\/li>\n<li>p\u0159ed\u00e1vac\u00ed \u0159\u00edzen\u00ed<\/li>\n<li>odpadov\u00e9 hospod\u00e1\u0159stv\u00ed<\/li>\n<\/ul>\n<\/div>\n<\/td>\n<td>\u00a0<\/td>\n<td>\u00a0<\/td>\n<td>\u00a0<\/td>\n<td class=\"white_schema\" valign=\"top\">\n<div class=\"white_schema_div\">\n<p><b>HSV doprava a mechanizace<\/b><\/p>\n<ul class=\"compact\" type=\"square\">\n<li>Euromach 8500<\/li>\n<li>&#8222;obdoba MenziMuck &#8222;<\/li>\n<li>CAT 316 F<\/li>\n<li>CAT 313<\/li>\n<li>CAT 308 E<\/li>\n<li>CAT 305<\/li>\n<li>CAT 304 CCR<\/li>\n<li>CAT 924 G<\/li>\n<li>CAT 434E<\/li>\n<li>CAT 262 C<\/li>\n<li>Tatra 815<\/li>\n<li>MAN TGL s HR<\/li>\n<li>MAN TGA 26.480<\/li>\n<li>p\u0159\u00edv\u011bs \u00a0nosnost 12 t<\/li>\n<li>Mercedes Actros<\/li>\n<li>Avia\u00a090 D s HR<\/li>\n<li>Dumper 9 T<\/li>\n<li>Dumper 4001<\/li>\n<li>osobn\u00ed a u\u017eitkov\u00e9 automobily<\/li>\n<li>Podvaln\u00edk Panav<\/li>\n<li>vibra\u010dn\u00ed v\u00e1lec wacker 960 kg<\/li>\n<li>vibra\u010dn\u00ed v\u00e1lec ATLAS 1070<\/li>\n<\/ul>\n<p><b>PSV mechanizace<\/b><\/p>\n<ul class=\"compact\" type=\"square\">\n<li>vrtac\u00ed souprava<\/li>\n<li>injekt\u00e1\u017en\u00ed souprava<\/li>\n<li>protla\u010dovac\u00ed za\u0159\u00edzen\u00ed<\/li>\n<li>t\u011bsn\u00edc\u00ed vaky a norn\u00e9 st\u011bny<\/li>\n<li>centr\u00e1ly a agreg\u00e1ty<\/li>\n<li>potrubn\u00ed laser<\/li>\n<li>m\u00edcha\u010dky<\/li>\n<li>hutn\u00edc\u00ed technika<\/li>\n<li>HAKI le\u0161en\u00ed<\/li>\n<li>Pa\u017e\u00edc\u00ed boxy<\/li>\n<li>ru\u010dn\u00ed elektron\u00e1\u0159ad\u00ed<\/li>\n<\/ul>\n<\/div>\n<\/td>\n<td>\u00a0<\/td>\n<td class=\"white_schema\" valign=\"top\">\n<div class=\"white_schema_div\">\n<ul class=\"compact\" type=\"square\">\n<li><span class=\"videst_hl\">V<\/span>odohospod\u00e1\u0159sk\u00e9 stavby<\/li>\n<li><span class=\"videst_hl\">I<\/span>n\u017een\u00fdrsk\u00e9 stavby<\/li>\n<li><span class=\"videst_hl\">D<\/span>opravn\u00ed stavby<\/li>\n<li><span class=\"videst_hl\">E<\/span>kologick\u00e9 stavby<\/li>\n<li><span class=\"videst_hl\">St<\/span>avby pozemn\u00ed<\/li>\n<li>pr\u016fmyslov\u00e9 stavby<\/li>\n<li>sportovn\u00ed stavby<\/li>\n<li>vodn\u00ed stavby<\/li>\n<li>skl\u00e1dkov\u00e9 hospod\u00e1\u0159stv\u00ed<\/li>\n<li>demolice a bour\u00e1n\u00ed kc\u00ed.<\/li>\n<li>stavby pro voln\u00fd \u010das<\/li>\n<li>rekonstrukce<\/li>\n<\/ul>\n<\/div>\n<\/td>\n<\/tr>\n<\/tbody>\n<\/table>\n<h3 style=\"text-align: justify;\">\u00a0<\/h3>\n<\/div>\n\n\n<p><\/p>\n","protected":false},"excerpt":{"rendered":"<p>Technick\u00e9 zam\u011b\u0159en\u00ed firmy Obchodn\u00ed spole\u010dnost VIDEST je n\u00e1stupcem fyzick\u00e9 osoby podnikaj\u00edc\u00ed, kter\u00e1 vznikla v\u00a0roce 1991 odlou\u010den\u00edm stavebn\u011b mont\u00e1\u017en\u00edho st\u0159ediska od s.p. Povod\u00ed Oh\u0159e, se v\u00a0prvn\u00edch letech p\u016fsoben\u00ed r. 1991-1994 zab\u00fdval pouze \u00fapravami vodn\u00edch tok\u016f a objekty na nich. Postupn\u011b od roku 1994 za\u010dala sv\u00e9 technick\u00e9 vybaven\u00ed a \u010dinnost roz\u0161i\u0159ovat o ekologick\u00e9 stavby a in\u017een\u00fdrsk\u00e9 s\u00edt\u011b [&hellip;]<\/p>\n","protected":false},"author":3,"featured_media":0,"parent":0,"menu_order":3,"comment_status":"closed","ping_status":"open","template":"","meta":[],"_links":{"self":[{"href":"https:\/\/videst.cz\/index.php?rest_route=\/wp\/v2\/pages\/89"}],"collection":[{"href":"https:\/\/videst.cz\/index.php?rest_route=\/wp\/v2\/pages"}],"about":[{"href":"https:\/\/videst.cz\/index.php?rest_route=\/wp\/v2\/types\/page"}],"author":[{"embeddable":true,"href":"https:\/\/videst.cz\/index.php?rest_route=\/wp\/v2\/users\/3"}],"replies":[{"embeddable":true,"href":"https:\/\/videst.cz\/index.php?rest_route=%2Fwp%2Fv2%2Fcomments&post=89"}],"version-history":[{"count":41,"href":"https:\/\/videst.cz\/index.php?rest_route=\/wp\/v2\/pages\/89\/revisions"}],"predecessor-version":[{"id":1370,"href":"https:\/\/videst.cz\/index.php?rest_route=\/wp\/v2\/pages\/89\/revisions\/1370"}],"wp:attachment":[{"href":"https:\/\/videst.cz\/index.php?rest_route=%2Fwp%2Fv2%2Fmedia&parent=89"}],"curies":[{"name":"wp","href":"https:\/\/api.w.org\/{rel}","templated":true}]}}