{"id":585,"date":"2015-02-05T05:46:56","date_gmt":"2015-02-05T05:46:56","guid":{"rendered":"http:\/\/videst.cz\/?page_id=585"},"modified":"2015-02-05T05:46:56","modified_gmt":"2015-02-05T05:46:56","slug":"foto-mve-horni-zdar","status":"publish","type":"page","link":"https:\/\/videst.cz\/?page_id=585","title":{"rendered":"FOTO MVE Horn\u00ed \u017dd\u00e1r"},"content":{"rendered":"\n\t\t<style type=\"text\/css\">\n\t\t\t#gallery-1 {\n\t\t\t\tmargin: auto;\n\t\t\t}\n\t\t\t#gallery-1 .gallery-item {\n\t\t\t\tfloat: left;\n\t\t\t\tmargin-top: 10px;\n\t\t\t\ttext-align: center;\n\t\t\t\twidth: 33%;\n\t\t\t}\n\t\t\t#gallery-1 img {\n\t\t\t\tborder: 2px solid #cfcfcf;\n\t\t\t}\n\t\t\t#gallery-1 .gallery-caption {\n\t\t\t\tmargin-left: 0;\n\t\t\t}\n\t\t\t\/* see gallery_shortcode() in wp-includes\/media.php *\/\n\t\t<\/style>\n\t\t<div id='gallery-1' class='gallery galleryid-585 gallery-columns-3 gallery-size-thumbnail'><dl class='gallery-item'>\n\t\t\t<dt class='gallery-icon landscape'>\n\t\t\t\t<a href='https:\/\/videst.cz\/?attachment_id=584'><img width=\"150\" height=\"150\" src=\"https:\/\/videst.cz\/wp-content\/uploads\/2013-06-26-1305-150x150.jpg\" class=\"attachment-thumbnail size-thumbnail\" alt=\"\" loading=\"lazy\" \/><\/a>\n\t\t\t<\/dt><\/dl><dl class='gallery-item'>\n\t\t\t<dt class='gallery-icon portrait'>\n\t\t\t\t<a href='https:\/\/videst.cz\/?attachment_id=583'><img width=\"150\" height=\"150\" src=\"https:\/\/videst.cz\/wp-content\/uploads\/2013-05-29-1042-150x150.jpg\" class=\"attachment-thumbnail size-thumbnail\" alt=\"\" loading=\"lazy\" \/><\/a>\n\t\t\t<\/dt><\/dl><dl class='gallery-item'>\n\t\t\t<dt class='gallery-icon portrait'>\n\t\t\t\t<a href='https:\/\/videst.cz\/?attachment_id=582'><img width=\"150\" height=\"150\" src=\"https:\/\/videst.cz\/wp-content\/uploads\/2013-05-29-1041-150x150.jpg\" class=\"attachment-thumbnail size-thumbnail\" alt=\"\" loading=\"lazy\" \/><\/a>\n\t\t\t<\/dt><\/dl><br style=\"clear: both\" \/><dl class='gallery-item'>\n\t\t\t<dt class='gallery-icon landscape'>\n\t\t\t\t<a href='https:\/\/videst.cz\/?attachment_id=581'><img width=\"150\" height=\"150\" src=\"https:\/\/videst.cz\/wp-content\/uploads\/2013-05-29-1039-150x150.jpg\" class=\"attachment-thumbnail size-thumbnail\" alt=\"\" loading=\"lazy\" \/><\/a>\n\t\t\t<\/dt><\/dl><dl class='gallery-item'>\n\t\t\t<dt class='gallery-icon landscape'>\n\t\t\t\t<a href='https:\/\/videst.cz\/?attachment_id=580'><img width=\"150\" height=\"150\" src=\"https:\/\/videst.cz\/wp-content\/uploads\/2013-05-29-1035-150x150.jpg\" class=\"attachment-thumbnail size-thumbnail\" alt=\"\" loading=\"lazy\" \/><\/a>\n\t\t\t<\/dt><\/dl><dl class='gallery-item'>\n\t\t\t<dt class='gallery-icon portrait'>\n\t\t\t\t<a href='https:\/\/videst.cz\/?attachment_id=579'><img width=\"150\" height=\"150\" src=\"https:\/\/videst.cz\/wp-content\/uploads\/2013-05-29-1034-150x150.jpg\" class=\"attachment-thumbnail size-thumbnail\" alt=\"\" loading=\"lazy\" \/><\/a>\n\t\t\t<\/dt><\/dl><br style=\"clear: both\" \/><dl class='gallery-item'>\n\t\t\t<dt class='gallery-icon portrait'>\n\t\t\t\t<a href='https:\/\/videst.cz\/?attachment_id=578'><img width=\"150\" height=\"150\" src=\"https:\/\/videst.cz\/wp-content\/uploads\/2013-05-21-985-150x150.jpg\" class=\"attachment-thumbnail size-thumbnail\" alt=\"\" loading=\"lazy\" \/><\/a>\n\t\t\t<\/dt><\/dl><dl class='gallery-item'>\n\t\t\t<dt class='gallery-icon landscape'>\n\t\t\t\t<a href='https:\/\/videst.cz\/?attachment_id=577'><img width=\"150\" height=\"150\" src=\"https:\/\/videst.cz\/wp-content\/uploads\/2013-05-17-937-150x150.jpg\" class=\"attachment-thumbnail size-thumbnail\" alt=\"\" loading=\"lazy\" \/><\/a>\n\t\t\t<\/dt><\/dl><dl class='gallery-item'>\n\t\t\t<dt class='gallery-icon landscape'>\n\t\t\t\t<a href='https:\/\/videst.cz\/?attachment_id=576'><img width=\"150\" height=\"150\" src=\"https:\/\/videst.cz\/wp-content\/uploads\/2013-05-13-909-150x150.jpg\" class=\"attachment-thumbnail size-thumbnail\" alt=\"\" loading=\"lazy\" \/><\/a>\n\t\t\t<\/dt><\/dl><br style=\"clear: both\" \/><dl class='gallery-item'>\n\t\t\t<dt class='gallery-icon landscape'>\n\t\t\t\t<a href='https:\/\/videst.cz\/?attachment_id=575'><img width=\"150\" height=\"150\" src=\"https:\/\/videst.cz\/wp-content\/uploads\/2013-03-23-324-150x150.jpg\" class=\"attachment-thumbnail size-thumbnail\" alt=\"\" loading=\"lazy\" \/><\/a>\n\t\t\t<\/dt><\/dl>\n\t\t\t<br style='clear: both' \/>\n\t\t<\/div>\n\n","protected":false},"excerpt":{"rendered":"","protected":false},"author":2,"featured_media":0,"parent":0,"menu_order":0,"comment_status":"open","ping_status":"open","template":"","meta":[],"_links":{"self":[{"href":"https:\/\/videst.cz\/index.php?rest_route=\/wp\/v2\/pages\/585"}],"collection":[{"href":"https:\/\/videst.cz\/index.php?rest_route=\/wp\/v2\/pages"}],"about":[{"href":"https:\/\/videst.cz\/index.php?rest_route=\/wp\/v2\/types\/page"}],"author":[{"embeddable":true,"href":"https:\/\/videst.cz\/index.php?rest_route=\/wp\/v2\/users\/2"}],"replies":[{"embeddable":true,"href":"https:\/\/videst.cz\/index.php?rest_route=%2Fwp%2Fv2%2Fcomments&post=585"}],"version-history":[{"count":1,"href":"https:\/\/videst.cz\/index.php?rest_route=\/wp\/v2\/pages\/585\/revisions"}],"predecessor-version":[{"id":586,"href":"https:\/\/videst.cz\/index.php?rest_route=\/wp\/v2\/pages\/585\/revisions\/586"}],"wp:attachment":[{"href":"https:\/\/videst.cz\/index.php?rest_route=%2Fwp%2Fv2%2Fmedia&parent=585"}],"curies":[{"name":"wp","href":"https:\/\/api.w.org\/{rel}","templated":true}]}}